{"id":236,"date":"2013-11-04T13:45:05","date_gmt":"2014-04-02T08:34:02","guid":{"rendered":"http:\/\/furniture.web5s.com\/?page_id=236"},"modified":"2014-04-02T15:34:02","modified_gmt":"2014-04-02T08:34:02","slug":"contact","status":"publish","type":"page","link":"https:\/\/furniture.web5s.com\/en\/contact\/","title":{"rendered":"Contact"},"content":{"rendered":"<p><!--:vi--><\/p>\n<h2><b>C\u00f4ng ty C\u1ed5 ph\u1ea7n An v\u00e0 C\u1ed9ng S\u1ef1<\/b><\/h2>\n<p>\u0110\u1ecba ch\u1ec9: S\u1ed1 8 \/ i4 Khu \u0110\u00f4 Th\u1ecb Y\u00ean Ho\u00e0, P. Y\u00ean Ho\u00e0, Q. C\u1ea7u Gi\u1ea5y, H\u00e0 N\u1ed9i.<\/p>\n<p>Tell: (+84)4 66852299 \u2013 Hotline: (+84)4 668 52299<\/p>\n<p>Email: <a href=\"mailto:info@vanphongpro.vn\">info@vanphongpro.vn<\/a><\/p>\n<h3><span style=\"color: #ff0000;\"><em>G\u1eedi li\u00ean h\u1ec7 cho ch\u00fang t\u00f4i qua form d\u01b0\u1edbi \u0111\u00e2y:<\/em><\/span><\/h3>\n<div role=\"form\" class=\"wpcf7\" id=\"wpcf7-f5-o1\" lang=\"vi\" dir=\"ltr\">\n<div class=\"screen-reader-response\"><p role=\"status\" aria-live=\"polite\" aria-atomic=\"true\"><\/p> <ul><\/ul><\/div>\n<form action=\"\/en\/wp-json\/wp\/v2\/pages\/236#wpcf7-f5-o1\" method=\"post\" class=\"wpcf7-form init\" novalidate=\"novalidate\" data-status=\"init\">\n<div style=\"display: none;\">\n<input type=\"hidden\" name=\"_wpcf7\" value=\"5\" \/>\n<input type=\"hidden\" name=\"_wpcf7_version\" value=\"5.5.3\" \/>\n<input type=\"hidden\" name=\"_wpcf7_locale\" value=\"vi\" \/>\n<input type=\"hidden\" name=\"_wpcf7_unit_tag\" value=\"wpcf7-f5-o1\" \/>\n<input type=\"hidden\" name=\"_wpcf7_container_post\" value=\"0\" \/>\n<input type=\"hidden\" name=\"_wpcf7_posted_data_hash\" value=\"\" \/>\n<\/div>\n<p>T\u00ean c\u1ee7a b\u1ea1n (*) <span class=\"wpcf7-form-control-wrap your-name\"><input type=\"text\" name=\"your-name\" value=\"\" size=\"40\" class=\"wpcf7-form-control wpcf7-text wpcf7-validates-as-required\" aria-required=\"true\" aria-invalid=\"false\" \/><\/span> <\/p>\n<p>\u0110\u1ecba ch\u1ec9 Email (*) <span class=\"wpcf7-form-control-wrap your-email\"><input type=\"email\" name=\"your-email\" value=\"\" size=\"40\" class=\"wpcf7-form-control wpcf7-text wpcf7-email wpcf7-validates-as-required wpcf7-validates-as-email\" aria-required=\"true\" aria-invalid=\"false\" \/><\/span> <\/p>\n<p>\u0110\u1ecba ch\u1ec9 <span class=\"wpcf7-form-control-wrap text-474\"><input type=\"text\" name=\"text-474\" value=\"\" size=\"40\" class=\"wpcf7-form-control wpcf7-text\" aria-invalid=\"false\" \/><\/span><\/p>\n<p>\u0110i\u1ec7n tho\u1ea1i (*) <span class=\"wpcf7-form-control-wrap tel-524\"><input type=\"tel\" name=\"tel-524\" value=\"\" size=\"40\" class=\"wpcf7-form-control wpcf7-text wpcf7-tel wpcf7-validates-as-required wpcf7-validates-as-tel\" aria-required=\"true\" aria-invalid=\"false\" \/><\/span><\/p>\n<p>Ti\u00eau \u0111\u1ec1 <span class=\"wpcf7-form-control-wrap your-subject\"><input type=\"text\" name=\"your-subject\" value=\"\" size=\"40\" class=\"wpcf7-form-control wpcf7-text\" aria-invalid=\"false\" \/><\/span> <\/p>\n<p>Th\u00f4ng \u0111i\u1ec7p <span class=\"wpcf7-form-control-wrap your-message\"><textarea name=\"your-message\" cols=\"40\" rows=\"10\" class=\"wpcf7-form-control wpcf7-textarea\" aria-invalid=\"false\"><\/textarea><\/span> <\/p>\n<p><input type=\"submit\" value=\"Send\" class=\"wpcf7-form-control has-spinner wpcf7-submit\" \/><\/p>\n<div class=\"wpcf7-response-output\" aria-hidden=\"true\"><\/div><\/form><\/div>\n<p><!--:--><!--:en--><\/p>\n<h2><b>C\u00f4ng ty C\u1ed5 ph\u1ea7n An v\u00e0 C\u1ed9ng S\u1ef1<\/b><\/h2>\n<p>\u0110\u1ecba ch\u1ec9: S\u1ed1 8 \/ i4 Khu \u0110\u00f4 Th\u1ecb Y\u00ean Ho\u00e0, P. Y\u00ean Ho\u00e0, Q. C\u1ea7u Gi\u1ea5y, H\u00e0 N\u1ed9i.<\/p>\n<p>Tell: (+84)4 66852299 \u2013 Hotline: (+84)4 668 52299<\/p>\n<p>Email: <a href=\"mailto:info@vanphongpro.vn\">info@vanphongpro.vn<\/a><\/p>\n<h3><span style=\"color: #ff0000;\"><em>G\u1eedi li\u00ean h\u1ec7 cho ch\u00fang t\u00f4i qua form d\u01b0\u1edbi \u0111\u00e2y:<\/em><\/span><\/h3>\n<div role=\"form\" class=\"wpcf7\" id=\"wpcf7-f5-o2\" lang=\"vi\" dir=\"ltr\">\n<div class=\"screen-reader-response\"><p role=\"status\" aria-live=\"polite\" aria-atomic=\"true\"><\/p> <ul><\/ul><\/div>\n<form action=\"\/en\/wp-json\/wp\/v2\/pages\/236#wpcf7-f5-o2\" method=\"post\" class=\"wpcf7-form init\" novalidate=\"novalidate\" data-status=\"init\">\n<div style=\"display: none;\">\n<input type=\"hidden\" name=\"_wpcf7\" value=\"5\" \/>\n<input type=\"hidden\" name=\"_wpcf7_version\" value=\"5.5.3\" \/>\n<input type=\"hidden\" name=\"_wpcf7_locale\" value=\"vi\" \/>\n<input type=\"hidden\" name=\"_wpcf7_unit_tag\" value=\"wpcf7-f5-o2\" \/>\n<input type=\"hidden\" name=\"_wpcf7_container_post\" value=\"0\" \/>\n<input type=\"hidden\" name=\"_wpcf7_posted_data_hash\" value=\"\" \/>\n<\/div>\n<p>T\u00ean c\u1ee7a b\u1ea1n (*) <span class=\"wpcf7-form-control-wrap your-name\"><input type=\"text\" name=\"your-name\" value=\"\" size=\"40\" class=\"wpcf7-form-control wpcf7-text wpcf7-validates-as-required\" aria-required=\"true\" aria-invalid=\"false\" \/><\/span> <\/p>\n<p>\u0110\u1ecba ch\u1ec9 Email (*) <span class=\"wpcf7-form-control-wrap your-email\"><input type=\"email\" name=\"your-email\" value=\"\" size=\"40\" class=\"wpcf7-form-control wpcf7-text wpcf7-email wpcf7-validates-as-required wpcf7-validates-as-email\" aria-required=\"true\" aria-invalid=\"false\" \/><\/span> <\/p>\n<p>\u0110\u1ecba ch\u1ec9 <span class=\"wpcf7-form-control-wrap text-474\"><input type=\"text\" name=\"text-474\" value=\"\" size=\"40\" class=\"wpcf7-form-control wpcf7-text\" aria-invalid=\"false\" \/><\/span><\/p>\n<p>\u0110i\u1ec7n tho\u1ea1i (*) <span class=\"wpcf7-form-control-wrap tel-524\"><input type=\"tel\" name=\"tel-524\" value=\"\" size=\"40\" class=\"wpcf7-form-control wpcf7-text wpcf7-tel wpcf7-validates-as-required wpcf7-validates-as-tel\" aria-required=\"true\" aria-invalid=\"false\" \/><\/span><\/p>\n<p>Ti\u00eau \u0111\u1ec1 <span class=\"wpcf7-form-control-wrap your-subject\"><input type=\"text\" name=\"your-subject\" value=\"\" size=\"40\" class=\"wpcf7-form-control wpcf7-text\" aria-invalid=\"false\" \/><\/span> <\/p>\n<p>Th\u00f4ng \u0111i\u1ec7p <span class=\"wpcf7-form-control-wrap your-message\"><textarea name=\"your-message\" cols=\"40\" rows=\"10\" class=\"wpcf7-form-control wpcf7-textarea\" aria-invalid=\"false\"><\/textarea><\/span> <\/p>\n<p><input type=\"submit\" value=\"Send\" class=\"wpcf7-form-control has-spinner wpcf7-submit\" \/><\/p>\n<div class=\"wpcf7-response-output\" aria-hidden=\"true\"><\/div><\/form><\/div>\n<p><!--:--><\/p>\n<p>&nbsp;<\/p>\n","protected":false},"excerpt":{"rendered":"<p>C\u00f4ng ty C\u1ed5 ph\u1ea7n An v\u00e0 C\u1ed9ng S\u1ef1 \u0110\u1ecba ch\u1ec9: S\u1ed1 8 \/ i4 Khu \u0110\u00f4 Th\u1ecb Y\u00ean Ho\u00e0, P. Y\u00ean Ho\u00e0, Q. C\u1ea7u Gi\u1ea5y, H\u00e0 N\u1ed9i. Tell: (+84)4 66852299 \u2013 Hotline: (+84)4 668 52299 Email: info@vanphongpro.vn G\u1eedi li\u00ean h\u1ec7 cho ch\u00fang t\u00f4i qua form d\u01b0\u1edbi \u0111\u00e2y: C\u00f4ng ty C\u1ed5 ph\u1ea7n An v\u00e0 C\u1ed9ng S\u1ef1 [&hellip;]<\/p>\n","protected":false},"author":5,"featured_media":0,"parent":0,"menu_order":0,"comment_status":"open","ping_status":"closed","template":"page-contact.php","meta":[],"_links":{"self":[{"href":"https:\/\/furniture.web5s.com\/en\/wp-json\/wp\/v2\/pages\/236"}],"collection":[{"href":"https:\/\/furniture.web5s.com\/en\/wp-json\/wp\/v2\/pages"}],"about":[{"href":"https:\/\/furniture.web5s.com\/en\/wp-json\/wp\/v2\/types\/page"}],"author":[{"embeddable":true,"href":"https:\/\/furniture.web5s.com\/en\/wp-json\/wp\/v2\/users\/5"}],"replies":[{"embeddable":true,"href":"https:\/\/furniture.web5s.com\/en\/wp-json\/wp\/v2\/comments?post=236"}],"version-history":[{"count":1,"href":"https:\/\/furniture.web5s.com\/en\/wp-json\/wp\/v2\/pages\/236\/revisions"}],"predecessor-version":[{"id":238,"href":"https:\/\/furniture.web5s.com\/en\/wp-json\/wp\/v2\/pages\/236\/revisions\/238"}],"wp:attachment":[{"href":"https:\/\/furniture.web5s.com\/en\/wp-json\/wp\/v2\/media?parent=236"}],"curies":[{"name":"wp","href":"https:\/\/api.w.org\/{rel}","templated":true}]}}